{"id":2060,"date":"2016-02-09T11:43:48","date_gmt":"2016-02-09T10:43:48","guid":{"rendered":"http:\/\/www.dr-rudolf.at\/en\/?page_id=2060"},"modified":"2026-02-04T00:08:32","modified_gmt":"2026-02-03T23:08:32","slug":"implantats","status":"publish","type":"page","link":"https:\/\/www.dr-rudolf.at\/en\/treatment\/dentures\/implantats\/","title":{"rendered":"Implants with 3D Planning \/ Navigation"},"content":{"rendered":"<div class=\"wpb-content-wrapper\"><p>[vc_row][vc_column width=&#8221;1\/2&#8243;][vc_column_text css=&#8221;&#8221;]<\/p>\n<h2>Dental implants<\/h2>\n<p>Thanks to modern technology and precise planning, we make it possible for you:<br \/>\n&#8211; to remove diseased teeth <strong>in just one session<\/strong> and replace them with implants (immediate implants)<br \/>\n&#8211; and, thanks to our <a href=\"https:\/\/www.dr-rudolf.at\/en\/neuigkeiten\/digital-impression\/\">scanning\/milling technology<\/a>, in many cases also to <strong>immediately<\/strong> <strong>provide<\/strong> a <strong>temporary crown<\/strong> (immediate loading). After a healing period of 3-6 months, this is replaced by a <strong>definitive ceramic crown<\/strong>. <\/p>\n<p><!--more--><\/p>\n<p>An implant is an artificial tooth root made of titanium or ceramic that grows firmly into the jawbone and enables permanent dentures. Even with complete tooth loss, a <a href=\"https:\/\/www.dr-rudolf.at\/en\/treatment\/dentures\/dentures\/\">fixed or removable denture<\/a> is possible. An implant has considerable advantages over a <a href=\"https:\/\/www.dr-rudolf.at\/en\/treatment\/dentures\/bridges\/\">bridge<\/a>.  <\/p>\n<p>Dental implants, as placed in our practice in Vienna, are made of pure titanium or, if a completely metal-free replacement is desired, zirconium dioxide ceramic. Many years of scientific experience and special surface coatings enable rapid healing in the jawbone for both titanium and ceramic. We decide which variant makes more sense with you on a case-by-case basis during an initial consultation.  <\/p>\n<p>The success rate of dental implants in the literature is approximately 95% over 10 years. Our recommendation is to pay attention to perfect oral hygiene at home. This way, implants can replace teeth for a lifetime.  <\/p>\n<p><strong>Advantages of dental implants:<br \/>\n<\/strong>&#8211; Fixed restoration possible.<br \/>\n&#8211; No grinding and no increased stress on the adjacent teeth (<a href=\"https:\/\/www.dr-rudolf.at\/en\/treatment\/dentures\/bridges\/\">bridges<\/a>)<br \/>\n&#8211; The continuous degradation of the jawbone is stopped.<br \/>\n&#8211; Fixed restoration possible in case of complete toothlessness[\/vc_column_text][vc_column_text]For a consultation appointment regarding a dental implant, please contact us by email at <a href=\"mailto:implantate@dr-rudolf.at\">implantate@dr-rudolf.at<\/a> or by phone at 01\/2142127.[\/vc_column_text][vc_column_text css=&#8221;&#8221;]<strong>Special feature in our practice: Copy of the old tooth &#8220;Biocopy&#8221;<\/strong><\/p>\n<p>Thanks to a <a href=\"https:\/\/www.dr-rudolf.at\/en\/neuigkeiten\/digital-impression\/\">digital impression<\/a> before tooth extraction and our own ceramic laboratory with milling machine, we can &#8220;copy&#8221; the aesthetics of the old tooth and provide the tooth gap with a temporary crown on the implantation date. This is placed on the implant approximately 1 hour after the operation. This is designed to be slightly lower so that the implant is not excessively stressed during the healing period.<br \/>\nAfter a healing period of the implant of 3-6 months, a definitive ceramic crown is finally placed on the implant, where aesthetics and bite are as usual again.[\/vc_column_text][vc_single_image image=&#8221;4736&#8243; add_caption=&#8221;yes&#8221; alignment=&#8221;center&#8221; style=&#8221;vc_box_shadow_3d&#8221; css=&#8221;&#8221;][vc_column_text css=&#8221;.vc_custom_1766945074785{padding-bottom: 15px !important;}&#8221;]<\/p>\n<h3>Patient Cases<\/h3>\n<p>[\/vc_column_text][vc_media_grid css=&#8221;&#8221; grid_id=&#8221;vc_gid:1770159934110-dc89011e-cbe3-3&#8243; include=&#8221;4669,4736,4382,4215,4213,3867&#8243;][vc_separator style=&#8221;shadow&#8221; css=&#8221;.vc_custom_1521495879988{padding-top: 20px !important;padding-bottom: 20px !important;}&#8221;][vc_column_text css=&#8221;.vc_custom_1767825646769{padding-top: 5px !important;}&#8221;]<\/p>\n<h3>Ceramic Implants<\/h3>\n<p>The frequently expressed desire for a metal-free restoration has been fulfilled by the development of zirconium implants. We use an innovative two-piece implant system, which means that the &#8220;screw&#8221; anchored in the bone can be separated from the crown should a repair or an extension by further teeth be necessary, e.g. for an implant-supported bridge. This used to be reserved for conventional titanium implants only. This makes the system &#8220;future-proof.&#8221;   <\/p>\n<p><a href=\"https:\/\/www.dr-rudolf.at\/en\/neuigkeiten\/ceramic-implants-metal-free\/\">You can also find more information under this article.<\/a><\/p>\n<h4>Advantages of ceramic implants<\/h4>\n<ul>\n<li>improved aesthetics of the soft tissue (gums), especially with delicate\/thin gums, due to the white color of the implant<\/li>\n<li>metal-free restoration<\/li>\n<li>demonstrably good bone healing<\/li>\n<li>possibly lower risk of inflammation at the edge of the implant (peri-implantitis)<\/li>\n<\/ul>\n<p>[\/vc_column_text][vc_single_image image=&#8221;3890&#8243; add_caption=&#8221;yes&#8221; alignment=&#8221;center&#8221; style=&#8221;vc_box_shadow_3d&#8221; css=&#8221;.vc_custom_1613237749064{padding-top: 15px !important;}&#8221;][vc_column_text css_animation=&#8221;fadeInUp&#8221;]<\/p>\n<blockquote><p>&#8220;Tooth loss has many causes. Often, they are root-canal treated teeth that develop an inflammation in the jawbone &#8211; a so-called &#8220;focus&#8221;. After exclusion of all tooth-preserving measures, such teeth contaminated by bacteria must be removed. This can prevent dangers to the entire organism. Subsequently, it is possible to restore a healthy bite with implants.&#8221;    <\/p>\n<p><em><a href=\"https:\/\/www.dr-rudolf.at\/team\/\">Dr. med. dent. Lukas Rudolf <\/a><br \/>\n<\/em><\/p><\/blockquote>\n<p>[\/vc_column_text][vc_separator style=&#8221;shadow&#8221; css=&#8221;.vc_custom_1521495879988{padding-top: 20px !important;padding-bottom: 20px !important;}&#8221;][vc_column_text css=&#8221;.vc_custom_1521056460810{padding-bottom: 15px !important;}&#8221;]<\/p>\n<h3>Procedure<\/h3>\n<p>[\/vc_column_text][vc_tta_tabs color=&#8221;blue&#8221; active_section=&#8221;1&#8243; css=&#8221;.vc_custom_1521056334760{padding-right: 30px !important;padding-left: 30px !important;}&#8221;][vc_tta_section title=&#8221;1. Planning&#8221; tab_id=&#8221;1486639375756-20bc14d2-22f8&#8243;][vc_single_image image=&#8221;3780&#8243;][vc_column_text css=&#8221;.vc_custom_1489695201556{padding-bottom: 15px !important;}&#8221;]<\/p>\n<h4>Assessment, 3D X-ray<\/h4>\n<p>[\/vc_column_text][vc_column_text css=&#8221;&#8221;]During your <a href=\"https:\/\/www.dr-rudolf.at\/en\/more\/first-consultation\/\">first appointment<\/a>, your oral health will be checked. Questions will be answered and then, based on a <a href=\"https:\/\/www.dr-rudolf.at\/en\/neuigkeiten\/implant-planning-using-3d-x-ray-cbct\/\">3D X-ray<\/a>, a treatment plan will be drawn up together and then, if the decision is made for an implant, in certain cases a template for the template-guided 3D-navigated implantation will be ordered.[\/vc_column_text][\/vc_tta_section][vc_tta_section title=&#8221;2. Implantation&#8221; tab_id=&#8221;1486639375828-ce407646-b439&#8243;][vc_single_image image=&#8221;3779&#8243;][vc_column_text css=&#8221;.vc_custom_1486641783528{padding-bottom: 15px !important;}&#8221;]<\/p>\n<h4>Planning and implantation<\/h4>\n<p>[\/vc_column_text][vc_column_text]The implantation is carried out under local anesthesia. The operation is planned exactly with computer assistance in advance, and the procedure is of course carried out under sterile operating conditions. Since this is a minor procedure, no restrictions are usually expected after the appointment. However, it is reassuring if you have a companion available to accompany you home, especially if you have a long journey home. For the days after the operation, take a mild painkiller, in special cases also an antibiotic.[\/vc_column_text][vc_single_image image=&#8221;3752&#8243; add_caption=&#8221;yes&#8221; alignment=&#8221;center&#8221;][\/vc_tta_section][vc_tta_section title=&#8221;3. Restoration&#8221; tab_id=&#8221;1486639715275-0818f04f-67c5&#8243;][vc_single_image image=&#8221;3754&#8243;][vc_column_text css=&#8221;.vc_custom_1486641939622{padding-bottom: 15px !important;}&#8221;]<\/p>\n<h4>Restoration of the implant<\/h4>\n<p>[\/vc_column_text][vc_column_text]After a healing period of approx. 2-6 months (depending e.g. on whether titanium or ceramic), the implant(s) can be restored: at this appointment we create a <a href=\"https:\/\/www.dr-rudolf.at\/en\/neuigkeiten\/digital-impression\/\">digital impression (3D scan)<\/a>, or, in the case of large restorations, a silicone impression of your teeth. After the fabrication of your crowns or the <a href=\"https:\/\/www.dr-rudolf.at\/en\/treatment\/dentures\/dentures\/\">implant-supported dental restoration<\/a> in the ceramic laboratory, you can finally bite down firmly again! Afterwards, we recommend an annual check-up and professional <a href=\"https:\/\/www.dr-rudolf.at\/en\/prophylaxis\/\">oral hygiene<\/a>.[\/vc_column_text][\/vc_tta_section][\/vc_tta_tabs][vc_separator style=&#8221;shadow&#8221; css=&#8221;.vc_custom_1521495879988{padding-top: 20px !important;padding-bottom: 20px !important;}&#8221;][vc_column_text css=&#8221;.vc_custom_1488228593089{padding-top: 15px !important;}&#8221;]<\/p>\n<h3>Questions and answers<\/h3>\n<p>[\/vc_column_text]    \t \n    <div class=\"envor-qa\">\n\t    <div class=\"q\">\n\t      <span class=\"lbl\">F :<\/span>\n\t      <p>Ist die Operation schmerzhaft?<\/p>\n\t      <div class=\"arrow\"><\/div>\n\t    <\/div>\n\t    <div class=\"a\">\n\t      <span class=\"lbl\">A :<\/span>\n\t      <p>Der Eingriff ist schmerzlos und wird unter Lokalan\u00e4sthesie durchgef\u00fchrt.<\/p>\n<p>F\u00fcr die Tage nach der Operation bekommen Sie ein Schmerzmittel rezeptiert.<\/p>\n\t      <div class=\"arrow\"><\/div>\n\t    <\/div>\n    <\/div>\n\n    \t \n    <div class=\"envor-qa\">\n\t    <div class=\"q\">\n\t      <span class=\"lbl\">F :<\/span>\n\t      <p>Titan- oder Keramikimplantate?<\/p>\n\t      <div class=\"arrow\"><\/div>\n\t    <\/div>\n\t    <div class=\"a\">\n\t      <span class=\"lbl\">A :<\/span>\n\t      <p>Jahrzehntelange Erfahrung mit Titanimplantaten stehen einer metallfreien Versorgungsm\u00f6glichkeit mit Keramikimplantaten gegen\u00fcber. Sollten Sie an einer Titanunvertr\u00e4glichkeit leiden (die in einem Labor mittels Bluttest eruiert werden kann), ist ein Keramikimplantat eine optimale L\u00f6sung, ansonsten haben sich Titanimplantate durch eine weniger spr\u00f6de Materialkonsistenz gut bew\u00e4hrt. Gerne bespreche ich mit Ihnen, welche Variante f\u00fcr Sie optimal ist.<\/p>\n\t      <div class=\"arrow\"><\/div>\n\t    <\/div>\n    <\/div>\n\n    \t \n    <div class=\"envor-qa\">\n\t    <div class=\"q\">\n\t      <span class=\"lbl\">F :<\/span>\n\t      <p>Wieviele Termine sind f\u00fcr ein Zahnimplantat notwendig?<\/p>\n\t      <div class=\"arrow\"><\/div>\n\t    <\/div>\n\t    <div class=\"a\">\n\t      <span class=\"lbl\">A :<\/span>\n\t      <p>In Summe sind meist 6 Termine notwendig. 1. Termin: Befundaufnahme und eventuell 3D-R\u00f6ntgenaufnahme, 2. Termin: Besprechung, Planung und Aufkl\u00e4rungsgespr\u00e4ch, 3. Termin: Implantation \/ Operation, 4. Termin: Nachkontrolle und Nahtentfernung. Anschlie\u00dfend erfolgt die Einheilung, die zwischen 2-6 Monaten dauert. 5. Termin: Abformung f\u00fcr den Zahntechniker, 6. Termin: Einsetzen der Krone. Anschlie\u00dfend sind regelm\u00e4\u00dfige Nachkontrollen sinnvoll.<\/p>\n\t      <div class=\"arrow\"><\/div>\n\t    <\/div>\n    <\/div>\n\n    \t \n    <div class=\"envor-qa\">\n\t    <div class=\"q\">\n\t      <span class=\"lbl\">F :<\/span>\n\t      <p>Kann ich nach der Implantation sofort wieder essen \/ trinken?<\/p>\n\t      <div class=\"arrow\"><\/div>\n\t    <\/div>\n\t    <div class=\"a\">\n\t      <span class=\"lbl\">A :<\/span>\n\t      <p>Ja, weiche Nahrung f\u00fcr 5-10 Tage wird empfohlen.<\/p>\n\t      <div class=\"arrow\"><\/div>\n\t    <\/div>\n    <\/div>\n\n    \t \n    <div class=\"envor-qa\">\n\t    <div class=\"q\">\n\t      <span class=\"lbl\">F :<\/span>\n\t      <p>Prothese, Br\u00fccke oder Implantat?<\/p>\n\t      <div class=\"arrow\"><\/div>\n\t    <\/div>\n\t    <div class=\"a\">\n\t      <span class=\"lbl\">A :<\/span>\n\t      <p>Eine Prothese ist die einfachste, g\u00fcnstigste, jedoch herausnehmbare L\u00f6sung.<\/p>\n<p>Mit Br\u00fccken k\u00f6nnen L\u00fccken festsitzend geschlossen werden. Die Nachbarz\u00e4hne m\u00fcssen beschliffen werden, die kann in gewissen F\u00e4llen jedoch von Vorteil sein.<\/p>\n<p>Implantate sind Prothesen oder Br\u00fccken in den meisten F\u00e4llen \u00fcberlegen, da der kontinuierliche Abbau des Kieferknochens aufgehalten wird. Es m\u00fcssen auch keine (gesunden) Nachbarz\u00e4hne beschliffen werden.<\/p>\n\t      <div class=\"arrow\"><\/div>\n\t    <\/div>\n    <\/div>\n\n    \t \n    <div class=\"envor-qa\">\n\t    <div class=\"q\">\n\t      <span class=\"lbl\">F :<\/span>\n\t      <p>Wie lange dauert die Operation?<\/p>\n\t      <div class=\"arrow\"><\/div>\n\t    <\/div>\n\t    <div class=\"a\">\n\t      <span class=\"lbl\">A :<\/span>\n\t      <p>Je nach Anzahl der Implantate und evtl. zus\u00e4tzlich erforderlichen Knochenaufbau-Ma\u00dfnahmen variiert die Operationszeit. Rechnen Sie inkl. Vor- und Nachbereitungszeit mit 1-2h.<\/p>\n\t      <div class=\"arrow\"><\/div>\n\t    <\/div>\n    <\/div>\n\n    \t \n    <div class=\"envor-qa\">\n\t    <div class=\"q\">\n\t      <span class=\"lbl\">F :<\/span>\n\t      <p>Mit welchen Kosten muss ich rechnen?<\/p>\n\t      <div class=\"arrow\"><\/div>\n\t    <\/div>\n\t    <div class=\"a\">\n\t      <span class=\"lbl\">A :<\/span>\n\t      <p>Obwohl es sich um eine Privatleistung handelt, \u00fcbernehmen manche Krankenkassen einen Teil der Implantatationskosten. Private Zusatzversicherungen \u00fcbernehmen meist 80% der Kosten.<\/p>\n<p>Woraus setzen sich die Kosten zusammen?<br \/>\n- Diagnostik und Planung (Volumentomograph \/ 3D-R\u00f6ntgen)<br \/>\n- Operationskosten (erh\u00f6hter steriler Aufwand)<br \/>\n- Materialaufwand (hochwertigste Implantatkomponenten)<br \/>\n- Laborkosten \/ Zahntechnik (Keramikkrone mit Titan oder Zirkonkeramik-Zwischenst\u00fcck)<br \/>\n- Nachsorge<\/p>\n<p>Um Ihnen eine sichere Behandlung am aktuellen Stand der Wissenschaft zu erm\u00f6glichen, setzen wir ausschlie\u00dflich Titanimplantate etablierter Hersteller.<br \/>\n\u00c4sthetisch-funktionelle Aspekte spielen in der Zahnmedizin eine gro\u00dfe Rolle, daher verlassen wir uns bei der Erstellung der Implantatkrone auf ausgezeichnete, lokale Zahnlabors.<\/p>\n<p>Nach einer Befundaufnahme (Kontrolle) k\u00f6nnen wir Ihnen eine seri\u00f6se Auskunft \u00fcber die zu erwartenden Operations- und Behandlungskosten geben.<\/p>\n\t      <div class=\"arrow\"><\/div>\n\t    <\/div>\n    <\/div>\n\n    \t \n    <div class=\"envor-qa\">\n\t    <div class=\"q\">\n\t      <span class=\"lbl\">F :<\/span>\n\t      <p>Wie hoch ist das Risiko, ein Implantat zu verlieren?<\/p>\n\t      <div class=\"arrow\"><\/div>\n\t    <\/div>\n\t    <div class=\"a\">\n\t      <span class=\"lbl\">A :<\/span>\n\t      <p>Bei gesundem Allgemeinzustand ist das Risiko sehr gering, ein Implantat zu verlieren.<\/p>\n<p>Gewisse Risikofaktoren erh\u00f6hen das Risiko f\u00fcr einen Implantatverlust:<\/p>\n<p>- Raucher (stark erh\u00f6htes Risiko, korreliert mit der Anzahl der Zigaretten \/ Tag)<\/p>\n<p>- Patienten mit Osteoporose oder Diabetes (stark erh\u00f6htes Risiko bei schlecht eingestelltem HbA1c)<\/p>\n<p>- Frauen in hohem Alter<\/p>\n<p>- Patienten mit unbehandelter Parodontitis<\/p>\n<p>(vgl. Dr. med. dent. Lukas Rudolf: Radiologischer peri-implant\u00e4rer Knochenabbau: eine retrospektive Studie, 2015, Implantatakademie, Wien)<\/p>\n<p>Damit Zahnimplantate langfristig funktionieren, ist eine optimale Mundhygiene notwendig. Auch die Sanierung von bestehenden Z\u00e4hnen ist eine wichtige Voraussetzung. Wir beraten Sie dazu gerne.<\/p>\n\t      <div class=\"arrow\"><\/div>\n\t    <\/div>\n    <\/div>\n\n    \t \n    <div class=\"envor-qa\">\n\t    <div class=\"q\">\n\t      <span class=\"lbl\">F :<\/span>\n\t      <p>Wie pflege und sorge ich um mein Implantat?<\/p>\n\t      <div class=\"arrow\"><\/div>\n\t    <\/div>\n\t    <div class=\"a\">\n\t      <span class=\"lbl\">A :<\/span>\n\t      <p>- Optimale Mundhygiene und Zahnputztechnik<br \/>\n- Reinigung der Zahn- und Implantatzwischenr\u00e4ume<br \/>\n- Regelm\u00e4\u00dfige Kontrollen mit R\u00f6ntgenbildern<br \/>\n- Regelm\u00e4\u00dfige Mundhygiene-Sitzungen (professionelle Zahnreinigung)<br \/>\n- Aufbewahrung Ihres Implantat-Passes, bei Wohnort &amp; Zahnarzt-Wechsel ist dieser f\u00fcr Nachbehandler wichtig!<\/p>\n<p>Beherzigen Sie diese Punkte, k\u00f6nnen Sie ein Leben lang Freude mit Ihren Implantaten haben!<\/p>\n\t      <div class=\"arrow\"><\/div>\n\t    <\/div>\n    <\/div>\n\n[vc_separator style=&#8221;shadow&#8221; css=&#8221;.vc_custom_1521495879988{padding-top: 20px !important;padding-bottom: 20px !important;}&#8221;][\/vc_column][vc_column width=&#8221;1\/2&#8243; css=&#8221;.vc_custom_1522614904428{background-color: #f9f9f9 !important;}&#8221;][vc_single_image image=&#8221;3856&#8243; img_size=&#8221;full&#8221; add_caption=&#8221;yes&#8221; alignment=&#8221;center&#8221; style=&#8221;vc_box_shadow_3d&#8221;][vc_separator style=&#8221;shadow&#8221; css=&#8221;.vc_custom_1521495879988{padding-top: 20px !important;padding-bottom: 20px !important;}&#8221;][vc_single_image image=&#8221;3843&#8243; img_size=&#8221;full&#8221; add_caption=&#8221;yes&#8221; alignment=&#8221;center&#8221; style=&#8221;vc_box_shadow_3d&#8221;][vc_column_text css=&#8221;.vc_custom_1489751149526{padding-top: 15px !important;}&#8221;]<\/p>\n<h3>Links<\/h3>\n<p>[\/vc_column_text][vc_single_image image=&#8221;3803&#8243; img_size=&#8221;full&#8221; alignment=&#8221;center&#8221; onclick=&#8221;custom_link&#8221; img_link_target=&#8221;_blank&#8221; link=&#8221;http:\/\/www.implantate.com&#8221;][vc_single_image image=&#8221;3809&#8243; img_size=&#8221;full&#8221; alignment=&#8221;center&#8221; onclick=&#8221;custom_link&#8221; img_link_target=&#8221;_blank&#8221; link=&#8221;https:\/\/de.wikipedia.org\/wiki\/Zahnimplantat&#8221;][vc_single_image image=&#8221;3810&#8243; img_size=&#8221;full&#8221; alignment=&#8221;center&#8221; onclick=&#8221;custom_link&#8221; img_link_target=&#8221;_blank&#8221; link=&#8221;http:\/\/www.netdoktor.at\/krankheit\/mund-zaehne\/zahnimplantate-5504&#8243;][\/vc_column][\/vc_row]<\/p>\n<\/div>","protected":false},"excerpt":{"rendered":"<p>[vc_row][vc_column width=&#8221;1\/2&#8243;][vc_column_text css=&#8221;&#8221;] Dental implants Thanks to modern technology and precise planning, we make it possible for you: &#8211; to remove diseased teeth in just one session and replace them with implants (immediate implants) &#8211; and, thanks to our scanning\/milling technology, in many cases also to immediately provide a temporary crown (immediate loading). After a [&hellip;]<\/p>\n","protected":false},"author":1,"featured_media":1217,"parent":1689,"menu_order":0,"comment_status":"closed","ping_status":"closed","template":"page-templates-alt\/canvas-with-title.php","meta":{"inline_featured_image":false,"footnotes":""},"class_list":["post-2060","page","type-page","status-publish","has-post-thumbnail","hentry"],"_links":{"self":[{"href":"https:\/\/www.dr-rudolf.at\/en\/wp-json\/wp\/v2\/pages\/2060","targetHints":{"allow":["GET"]}}],"collection":[{"href":"https:\/\/www.dr-rudolf.at\/en\/wp-json\/wp\/v2\/pages"}],"about":[{"href":"https:\/\/www.dr-rudolf.at\/en\/wp-json\/wp\/v2\/types\/page"}],"author":[{"embeddable":true,"href":"https:\/\/www.dr-rudolf.at\/en\/wp-json\/wp\/v2\/users\/1"}],"replies":[{"embeddable":true,"href":"https:\/\/www.dr-rudolf.at\/en\/wp-json\/wp\/v2\/comments?post=2060"}],"version-history":[{"count":9,"href":"https:\/\/www.dr-rudolf.at\/en\/wp-json\/wp\/v2\/pages\/2060\/revisions"}],"predecessor-version":[{"id":4966,"href":"https:\/\/www.dr-rudolf.at\/en\/wp-json\/wp\/v2\/pages\/2060\/revisions\/4966"}],"up":[{"embeddable":true,"href":"https:\/\/www.dr-rudolf.at\/en\/wp-json\/wp\/v2\/pages\/1689"}],"wp:featuredmedia":[{"embeddable":true,"href":"https:\/\/www.dr-rudolf.at\/en\/wp-json\/wp\/v2\/media\/1217"}],"wp:attachment":[{"href":"https:\/\/www.dr-rudolf.at\/en\/wp-json\/wp\/v2\/media?parent=2060"}],"curies":[{"name":"wp","href":"https:\/\/api.w.org\/{rel}","templated":true}]}}