{"id":2152,"date":"2016-03-02T00:05:03","date_gmt":"2016-03-01T23:05:03","guid":{"rendered":"http:\/\/www.dr-rudolf.at\/en\/?page_id=2152"},"modified":"2026-01-14T13:06:37","modified_gmt":"2026-01-14T12:06:37","slug":"ceramic-inlays","status":"publish","type":"page","link":"https:\/\/www.dr-rudolf.at\/en\/treatment\/esthetic-dentistry\/ceramic-inlays\/","title":{"rendered":"Ceramic inlays"},"content":{"rendered":"<div class=\"wpb-content-wrapper\"><p>[vc_row][vc_column width=&#8221;1\/2&#8243;][vc_column_text]Ceramic inlays\/overlays represent an excellent combination of <strong>biological compatibility, function and aesthetics<\/strong> and enable, for example, the <strong>long-lasting<\/strong> repair of teeth damaged by caries. In our practice, we can use not only high-strength ceramics but also an innovative material that has a chewing pressure-absorbing effect. This so-called hybrid ceramic is particularly useful for teeth grinding.  <\/p>\n<p>In the case of <strong>extensively damaged teeth<\/strong>, or to change the shape of the tooth, <a href=\"https:\/\/www.dr-rudolf.at\/en\/treatment\/esthetic-dentistry\/ceramic-crowns\/\">ceramic crowns<\/a> are necessary<\/p>\n<p>Thanks to our in-house dental technology, we can produce ceramic restorations precisely, true to nature and quickly. The unpopular silicone impression is eliminated by a <a href=\"https:\/\/www.dr-rudolf.at\/en\/neuigkeiten\/digital-impression\/\">digital scan of your teeth<\/a> (so-called scan).  <!--more-->[\/vc_column_text][vc_single_image image=&#8221;4403&#8243; img_size=&#8221;medium&#8221; add_caption=&#8221;yes&#8221; css=&#8221;&#8221;][vc_single_image image=&#8221;4405&#8243; img_size=&#8221;medium&#8221; add_caption=&#8221;yes&#8221; css=&#8221;&#8221;][vc_column_text css=&#8221;.vc_custom_1610879903271{margin-top: 15px !important;}&#8221;]<\/p>\n<h3>Time-saving and pleasant digital impression<\/h3>\n<p>Thanks to an intraoral scanner of the latest generation, an unpleasant impression with an impression tray is no longer necessary. After a few minutes, the tooth to be restored is &#8220;scanned&#8221;, and the design is created three-dimensionally on the computer by the dentist. Subsequently, the ceramic inlay is milled in our practice and designed to be highly aesthetic. You will receive the finished restoration either on the same day or a few days later.[\/vc_column_text][vc_single_image image=&#8221;3888&#8243; img_size=&#8221;full&#8221; alignment=&#8221;center&#8221; style=&#8221;vc_box_shadow_3d&#8221; css=&#8221;.vc_custom_1610880698254{margin-top: 10px !important;margin-bottom: 10px !important;}&#8221;][vc_column_text]<\/p>\n<p style=\"text-align: center;\"><em>Scanning instead of impressions, using an intraoral scanner.<\/em><\/p>\n<p>[\/vc_column_text][vc_single_image image=&#8221;4199&#8243; img_size=&#8221;full&#8221; add_caption=&#8221;yes&#8221; alignment=&#8221;center&#8221; style=&#8221;vc_box_shadow_3d&#8221; css=&#8221;.vc_custom_1692127793024{margin-top: 10px !important;margin-bottom: 10px !important;}&#8221;][vc_separator style=&#8221;shadow&#8221; css=&#8221;.vc_custom_1610880890471{padding-bottom: 15px !important;}&#8221;][\/vc_column][vc_column width=&#8221;1\/2&#8243;][vc_single_image image=&#8221;3687&#8243; img_size=&#8221;full&#8221; add_caption=&#8221;yes&#8221; alignment=&#8221;center&#8221; style=&#8221;vc_box_shadow_3d&#8221; css=&#8221;.vc_custom_1610880923353{margin-top: 10px !important;margin-bottom: 10px !important;}&#8221;][vc_column_text css=&#8221;.vc_custom_1610882877424{padding-top: 5px !important;padding-bottom: 15px !important;}&#8221;]<\/p>\n<h3>Ceramic materials in detail<\/h3>\n<p>[\/vc_column_text][vc_tta_accordion active_section=&#8221;1&#8243; collapsible_all=&#8221;true&#8221;][vc_tta_section title=&#8221;Lithium disilicate ceramic&#8221; tab_id=&#8221;1450630966656-5238382c-4328&#8243;][vc_column_text]This high-strength ceramic is the first choice in most cases.<\/p>\n<p><strong>Advantages:<\/strong><\/p>\n<ul>\n<li>Natural aesthetics &amp; color<\/li>\n<li>Tooth shape destroyed by caries etc. is perfectly reconstructed<\/li>\n<li>Very high strength<\/li>\n<li>Durable<\/li>\n<\/ul>\n<p>[\/vc_column_text][\/vc_tta_section][vc_tta_section title=&#8221;Hybrid ceramic inlays&#8221; tab_id=&#8221;1610879174834-84436d36-fbaa&#8221;][vc_column_text]Hybrid ceramic is more flexible than high-strength ceramic, with approximately the same high level of aesthetics.<\/p>\n<p><strong>Advantages:<\/strong><\/p>\n<ul>\n<li>Chewing pressure-absorbing<\/li>\n<li>Strength similar to that of a natural tooth<\/li>\n<li>Natural aesthetics &amp; color<\/li>\n<li>Tooth shape destroyed by caries etc. is perfectly reconstructed<\/li>\n<li>Durable<\/li>\n<\/ul>\n<p>[\/vc_column_text][\/vc_tta_section][vc_tta_section title=&#8221;Gold inlays&#8221; tab_id=&#8221;1450630966583-638e6aa5-ad91&#8243;][vc_column_text]Gold inlays show a very high service life. We recommend these in certain cases in the posterior tooth region, where the golden color is normally not visible. <\/p>\n<p><strong>Advantages:<\/strong><\/p>\n<ul>\n<li>High level of long-term medical experience &amp; service life<\/li>\n<li>Biocompatible; very well tolerated<\/li>\n<li>Perfect reconstruction of destroyed tooth substance on the model<\/li>\n<\/ul>\n<p>[\/vc_column_text][\/vc_tta_section][\/vc_tta_accordion][vc_column_text]<\/p>\n<h2>Questions &amp; Answers<\/h2>\n<p>[\/vc_column_text][vc_row_inner css=&#8221;.vc_custom_1451244569778{margin-top: -30px !important;}&#8221;][vc_column_inner]    \t \n    <div class=\"envor-qa\">\n\t    <div class=\"q\">\n\t      <span class=\"lbl\">F :<\/span>\n\t      <p>Sehen Keramikkronen, Inlays und Veneers nat\u00fcrlich aus?<\/p>\n\t      <div class=\"arrow\"><\/div>\n\t    <\/div>\n\t    <div class=\"a\">\n\t      <span class=\"lbl\">A :<\/span>\n\t      <p>Ja, absolut! Diese sind eine individuelle ``Ma\u00dfarbeit``. Besonders in \u00e4sthetisch heiklen Regionen erm\u00f6glichen moderne keramische Materialien, die zudem noch mit speziellen Farben optimiert werden, eine nat\u00fcrliche Rekonstruktion f\u00fcr ein strahlendes L\u00e4cheln.<\/p>\n\t      <div class=\"arrow\"><\/div>\n\t    <\/div>\n    <\/div>\n\n    \t \n    <div class=\"envor-qa\">\n\t    <div class=\"q\">\n\t      <span class=\"lbl\">F :<\/span>\n\t      <p>K\u00f6nnen Keramikinlays in Ihrer Ordination direkt in einer Sitzung angefertigt werden?<\/p>\n\t      <div class=\"arrow\"><\/div>\n\t    <\/div>\n\t    <div class=\"a\">\n\t      <span class=\"lbl\">A :<\/span>\n\t      <p>Ja durchaus. Durch unsere eigene Scan\/Fr\u00e4smaschine der neuesten Generation ist dies m\u00f6glich.<\/p>\n\t      <div class=\"arrow\"><\/div>\n\t    <\/div>\n    <\/div>\n\n    \t \n    <div class=\"envor-qa\">\n\t    <div class=\"q\">\n\t      <span class=\"lbl\">F :<\/span>\n\t      <p>Wie lange halten Keramikkronen und Veneers?<\/p>\n\t      <div class=\"arrow\"><\/div>\n\t    <\/div>\n\t    <div class=\"a\">\n\t      <span class=\"lbl\">A :<\/span>\n\t      <p>Keramikkronen und Veneers halten Jahre, wenn nicht Jahrzehnte. Sie behalten ihre Farbe und werden aus einer besonders festen Keramik gefertigt. Dies erm\u00f6glicht ihre lange Haltbarkeit und perfekte \u00c4sthetik.<\/p>\n\t      <div class=\"arrow\"><\/div>\n\t    <\/div>\n    <\/div>\n\n[\/vc_column_inner][\/vc_row_inner]    \t \n    <div class=\"envor-qa\">\n\t    <div class=\"q\">\n\t      <span class=\"lbl\">F :<\/span>\n\t      <p>Wie pflege ich Keramikkronen und Veneers?<\/p>\n\t      <div class=\"arrow\"><\/div>\n\t    <\/div>\n\t    <div class=\"a\">\n\t      <span class=\"lbl\">A :<\/span>\n\t      <p>Wie \u00fcblich: mit Zahnb\u00fcrste und Zahnseide sowie guter allgemeiner Mundhygiene.<\/p>\n\t      <div class=\"arrow\"><\/div>\n\t    <\/div>\n    <\/div>\n\n    \t \n    <div class=\"envor-qa\">\n\t    <div class=\"q\">\n\t      <span class=\"lbl\">F :<\/span>\n\t      <p>Ist die Prozedur mit Schmerzen verbunden?<\/p>\n\t      <div class=\"arrow\"><\/div>\n\t    <\/div>\n\t    <div class=\"a\">\n\t      <span class=\"lbl\">A :<\/span>\n\t      <p>Nein, die Behandlung wird nicht als schmerzvoll empfunden. Manche Patienten sp\u00fcren eine leichte Sensitivit\u00e4t w\u00e4hrend der Behandlung. Auch das Einsetzen wird unter Lokalan\u00e4sthesie durchgef\u00fchrt f\u00fcr ein schmerzfreies Erlebnis. Wir wenden unsere Erfahrung an, um ihnen einen maximal entspannenden und angenehmen Zahnarztbesuch zu erm\u00f6glichen.<\/p>\n\t      <div class=\"arrow\"><\/div>\n\t    <\/div>\n    <\/div>\n\n[\/vc_column][\/vc_row]<\/p>\n<\/div>","protected":false},"excerpt":{"rendered":"<p>[vc_row][vc_column width=&#8221;1\/2&#8243;][vc_column_text]Ceramic inlays\/overlays represent an excellent combination of biological compatibility, function and aesthetics and enable, for example, the long-lasting repair of teeth damaged by caries. In our practice, we can use not only high-strength ceramics but also an innovative material that has a chewing pressure-absorbing effect. This so-called hybrid ceramic is particularly useful for teeth [&hellip;]<\/p>\n","protected":false},"author":1,"featured_media":3687,"parent":2356,"menu_order":0,"comment_status":"closed","ping_status":"closed","template":"page-templates-alt\/canvas-with-title.php","meta":{"inline_featured_image":false,"footnotes":""},"class_list":["post-2152","page","type-page","status-publish","has-post-thumbnail","hentry"],"_links":{"self":[{"href":"https:\/\/www.dr-rudolf.at\/en\/wp-json\/wp\/v2\/pages\/2152","targetHints":{"allow":["GET"]}}],"collection":[{"href":"https:\/\/www.dr-rudolf.at\/en\/wp-json\/wp\/v2\/pages"}],"about":[{"href":"https:\/\/www.dr-rudolf.at\/en\/wp-json\/wp\/v2\/types\/page"}],"author":[{"embeddable":true,"href":"https:\/\/www.dr-rudolf.at\/en\/wp-json\/wp\/v2\/users\/1"}],"replies":[{"embeddable":true,"href":"https:\/\/www.dr-rudolf.at\/en\/wp-json\/wp\/v2\/comments?post=2152"}],"version-history":[{"count":6,"href":"https:\/\/www.dr-rudolf.at\/en\/wp-json\/wp\/v2\/pages\/2152\/revisions"}],"predecessor-version":[{"id":4836,"href":"https:\/\/www.dr-rudolf.at\/en\/wp-json\/wp\/v2\/pages\/2152\/revisions\/4836"}],"up":[{"embeddable":true,"href":"https:\/\/www.dr-rudolf.at\/en\/wp-json\/wp\/v2\/pages\/2356"}],"wp:featuredmedia":[{"embeddable":true,"href":"https:\/\/www.dr-rudolf.at\/en\/wp-json\/wp\/v2\/media\/3687"}],"wp:attachment":[{"href":"https:\/\/www.dr-rudolf.at\/en\/wp-json\/wp\/v2\/media?parent=2152"}],"curies":[{"name":"wp","href":"https:\/\/api.w.org\/{rel}","templated":true}]}}