{"id":2356,"date":"2016-03-30T21:52:56","date_gmt":"2016-03-30T19:52:56","guid":{"rendered":"https:\/\/www.dr-rudolf.at\/en\/?page_id=2356"},"modified":"2026-01-14T13:07:03","modified_gmt":"2026-01-14T12:07:03","slug":"esthetic-dentistry","status":"publish","type":"page","link":"https:\/\/www.dr-rudolf.at\/en\/treatment\/esthetic-dentistry\/","title":{"rendered":"Aesthetic dentistry"},"content":{"rendered":"<div class=\"wpb-content-wrapper\"><p>[vc_row][vc_column width=&#8221;1\/2&#8243;][vc_column_text css=&#8221;&#8221;]<\/p>\n<div class=\"vc_tta-panel-body\">\n<div class=\"wpb_text_column wpb_content_element \">\n<div class=\"wpb_wrapper\">\n<h2>Biomimetics &amp; Aesthetics<\/h2>\n<p>We are committed to biomimetic dentistry, which aims to restore the masticatory system as closely as possible to the natural model. This should not be achieved through short-term &#8220;cosmetic&#8221; interventions. Our goal is to enable a harmonious and beautiful smile in the long term, based on functional considerations. Examples include:   <\/p>\n<ul>\n<li>All-ceramic restorations (<a href=\"https:\/\/www.dr-rudolf.at\/en\/treatment\/esthetic-dentistry\/ceramic-inlays\/\">inlays<\/a>, <a href=\"https:\/\/www.dr-rudolf.at\/en\/treatment\/esthetic-dentistry\/ceramic-crowns\/\">crowns<\/a>, <a href=\"https:\/\/www.dr-rudolf.at\/en\/treatment\/dentures\/bridges\/\">bridges<\/a>, <a href=\"https:\/\/www.dr-rudolf.at\/en\/treatment\/esthetic-dentistry\/veneers\/\">veneers<\/a>)<\/li>\n<li><a href=\"https:\/\/www.dr-rudolf.at\/en\/neuigkeiten\/ceramic-implants-metal-free\/\">Ceramic implants<\/a><\/li>\n<li><a href=\"https:\/\/www.dr-rudolf.at\/en\/treatment\/esthetic-dentistry\/tooth-colored-fillings\/\">Tooth-colored, invisible fillings<\/a> made of highly ceramic-filled &#8220;bio-inert&#8221; materials<\/li>\n<li><a href=\"https:\/\/www.dr-rudolf.at\/en\/treatment\/esthetic-dentistry\/bleaching\/\">Tooth whitening (bleaching)<\/a> using gentle methods<\/li>\n<li><a href=\"https:\/\/www.dr-rudolf.at\/en\/prophylaxis\/\">Prophylaxis (oral hygiene)<\/a><\/li>\n<li>Correction of misaligned teeth<\/li>\n<li><a href=\"https:\/\/www.dr-rudolf.at\/en\/treatment\/holistic-dentistry\/amalgam-removal\/\">Amalgam removal<\/a><\/li>\n<\/ul>\n<p>Slightly misaligned teeth can be corrected with transparent aligners.<br \/>\nOur specialist, <a href=\"https:\/\/www.dr-rudolf.at\/en\/team\/\">Dr. Isabella Mittag<\/a>, will be happy to advise you.<br \/>\nFor complex misalignments, we will refer you to orthodontists.<\/p>\n<\/div>\n<\/div>\n<\/div>\n<p>[\/vc_column_text][vc_images_carousel images=&#8221;4737,4735,4499,3982,3808&#8243; speed=&#8221;3000&#8243; autoplay=&#8221;yes&#8221; css=&#8221;&#8221; title=&#8221;Patient Cases&#8221;][vc_btn title=&#8221;Further patient cases&#8221; style=&#8221;3d&#8221; shape=&#8221;square&#8221; color=&#8221;blue&#8221; css=&#8221;&#8221; link=&#8221;url:https%3A%2F%2Fwww.dr-rudolf.at%2Fen%2Fmore%2Fpatient-cases%2F|title:Patient%20Cases|&#8221;][vc_tta_accordion active_section=&#8221;1&#8243; collapsible_all=&#8221;true&#8221; title=&#8221;Treatments&#8221;][vc_tta_section title=&#8221;Ceramic inlay&#8221; tab_id=&#8221;1450630966656-5238382c-4328&#8243;][vc_column_text css=&#8221;&#8221;]A <a href=\"https:\/\/www.dr-rudolf.at\/en\/treatment\/esthetic-dentistry\/ceramic-inlays\/\">ceramic inlay<\/a> represents an excellent combination of function and aesthetics. They are hardly distinguishable from the tooth and allow the dental technician a high degree of design freedom. High strength and a small marginal gap are the advantages of this material, which is carefully inserted into the damaged and ground tooth using a special adhesive technique.[\/vc_column_text][\/vc_tta_section][vc_tta_section title=&#8221;Ceramic crown&#8221; tab_id=&#8221;1450630993082-a40e33c9-832d&#8221;][vc_column_text css=&#8221;&#8221;]<a href=\"https:\/\/www.dr-rudolf.at\/en\/treatment\/esthetic-dentistry\/ceramic-crowns\/\">Ceramic crowns<\/a> are necessary if a tooth is extensively damaged or weakened by root canal treatment. A high-strength ceramic (zirconium oxide) is then provided with aesthetically perfectly matched glass ceramic.[\/vc_column_text][\/vc_tta_section][vc_tta_section title=&#8221;Veneers&#8221; tab_id=&#8221;1450722748835-4dab06b1-f8d3&#8243;][vc_column_text css=&#8221;&#8221;]<a href=\"https:\/\/www.dr-rudolf.at\/en\/treatment\/esthetic-dentistry\/veneers\/\">Veneers<\/a> are ultra-thin facing shells that can be used to correct the shape and color of the front teeth. The teeth only need to be ground down by 1\/2mm, which is the main advantage over a ceramic crown. These ceramic shells are particularly well-known from Hollywood &#8211; many film and television actors use this technique to achieve their perfect smile.[\/vc_column_text][\/vc_tta_section][vc_tta_section title=&#8221;Ceramic implants&#8221; tab_id=&#8221;1551778866688-1ef8fe93-0760&#8243;][vc_column_text css=&#8221;&#8221;]Since the desire for metal-free restoration cannot be fulfilled by conventional titanium implants, we also use ceramic implants in our practice. These have a high biocompatibility and excellent soft tissue compatibility.[\/vc_column_text][\/vc_tta_section][\/vc_tta_accordion][vc_single_image image=&#8221;3687&#8243; img_size=&#8221;full&#8221; add_caption=&#8221;yes&#8221; alignment=&#8221;center&#8221; style=&#8221;vc_box_shadow_3d&#8221; css=&#8221;.vc_custom_1459696741897{margin-top: 15px !important;}&#8221;][\/vc_column][vc_column width=&#8221;1\/2&#8243;][vc_single_image image=&#8221;3763&#8243; add_caption=&#8221;yes&#8221; alignment=&#8221;center&#8221; style=&#8221;vc_box_shadow_3d&#8221;][vc_single_image image=&#8221;3767&#8243; add_caption=&#8221;yes&#8221; alignment=&#8221;center&#8221; style=&#8221;vc_box_shadow_3d&#8221;][vc_single_image image=&#8221;3728&#8243; img_size=&#8221;full&#8221; alignment=&#8221;center&#8221; css=&#8221;.vc_custom_1459698164054{padding-top: 20px !important;padding-bottom: 20px !important;}&#8221;][vc_column_text]<\/p>\n<h3 style=\"text-align: left;\">Questions &amp; Answers<\/h3>\n<p>[\/vc_column_text][vc_row_inner css=&#8221;.vc_custom_1459699495268{margin-top: 10px !important;}&#8221;][vc_column_inner]    \t \n    <div class=\"envor-qa\">\n\t    <div class=\"q\">\n\t      <span class=\"lbl\">F :<\/span>\n\t      <p>Sehen Keramikkronen, Inlays und Veneers nat\u00fcrlich aus?<\/p>\n\t      <div class=\"arrow\"><\/div>\n\t    <\/div>\n\t    <div class=\"a\">\n\t      <span class=\"lbl\">A :<\/span>\n\t      <p>Ja, absolut! Diese sind eine individuelle ``Ma\u00dfarbeit``, die durch ein perfektes Zusammenspiel zwischen Zahnarzt und Zahntechniker erm\u00f6glicht wird. Besonders in \u00e4sthetisch heiklen Regionen erm\u00f6glichen moderne keramische Materialien, die zudem noch mit speziellen Farben optimiert werden, eine nat\u00fcrliche Rekonstruktion f\u00fcr ein strahlendes L\u00e4cheln.<\/p>\n\t      <div class=\"arrow\"><\/div>\n\t    <\/div>\n    <\/div>\n\n    \t \n    <div class=\"envor-qa\">\n\t    <div class=\"q\">\n\t      <span class=\"lbl\">F :<\/span>\n\t      <p>Wie lange halten Keramikkronen und Veneers?<\/p>\n\t      <div class=\"arrow\"><\/div>\n\t    <\/div>\n\t    <div class=\"a\">\n\t      <span class=\"lbl\">A :<\/span>\n\t      <p>Keramikkronen und Veneers halten Jahre, wenn nicht Jahrzehnte. Sie behalten ihre Farbe und werden aus einer besonders festen Keramik gefertigt. Dies erm\u00f6glicht ihre lange Haltbarkeit und perfekte \u00c4sthetik.<\/p>\n\t      <div class=\"arrow\"><\/div>\n\t    <\/div>\n    <\/div>\n\n[\/vc_column_inner][\/vc_row_inner]    \t \n    <div class=\"envor-qa\">\n\t    <div class=\"q\">\n\t      <span class=\"lbl\">F :<\/span>\n\t      <p>Wie pflege ich Keramikkronen und Veneers?<\/p>\n\t      <div class=\"arrow\"><\/div>\n\t    <\/div>\n\t    <div class=\"a\">\n\t      <span class=\"lbl\">A :<\/span>\n\t      <p>Wie \u00fcblich: mit Zahnb\u00fcrste und Zahnseide sowie guter allgemeiner Mundhygiene.<\/p>\n\t      <div class=\"arrow\"><\/div>\n\t    <\/div>\n    <\/div>\n\n    \t \n    <div class=\"envor-qa\">\n\t    <div class=\"q\">\n\t      <span class=\"lbl\">F :<\/span>\n\t      <p>Ist die Prozedur mit Schmerzen verbunden?<\/p>\n\t      <div class=\"arrow\"><\/div>\n\t    <\/div>\n\t    <div class=\"a\">\n\t      <span class=\"lbl\">A :<\/span>\n\t      <p>Nein, die Behandlung wird nicht als schmerzvoll empfunden. Manche Patienten sp\u00fcren eine leichte Sensitivit\u00e4t w\u00e4hrend der Behandlung. Auch das Einsetzen wird unter Lokalan\u00e4sthesie durchgef\u00fchrt f\u00fcr ein schmerzfreies Erlebnis. Wir wenden unsere Erfahrung an, um ihnen einen maximal entspannenden und angenehmen Zahnarztbesuch zu erm\u00f6glichen.<\/p>\n\t      <div class=\"arrow\"><\/div>\n\t    <\/div>\n    <\/div>\n\n[\/vc_column][\/vc_row][vc_row][vc_column][vc_media_grid grid_id=&#8221;vc_gid:1767955681388-8aa9df1a-00a6-0&#8243;][\/vc_column][\/vc_row][vc_row][vc_column][\/vc_column][\/vc_row]<\/p>\n<\/div>","protected":false},"excerpt":{"rendered":"<p>[vc_row][vc_column width=&#8221;1\/2&#8243;][vc_column_text css=&#8221;&#8221;] Biomimetics &amp; Aesthetics We are committed to biomimetic dentistry, which aims to restore the masticatory system as closely as possible to the natural model. This should not be achieved through short-term &#8220;cosmetic&#8221; interventions. Our goal is to enable a harmonious and beautiful smile in the long term, based on functional considerations. Examples [&hellip;]<\/p>\n","protected":false},"author":1,"featured_media":3763,"parent":1680,"menu_order":3,"comment_status":"closed","ping_status":"closed","template":"page-templates-alt\/canvas-with-title.php","meta":{"inline_featured_image":false,"footnotes":""},"class_list":["post-2356","page","type-page","status-publish","has-post-thumbnail","hentry"],"_links":{"self":[{"href":"https:\/\/www.dr-rudolf.at\/en\/wp-json\/wp\/v2\/pages\/2356","targetHints":{"allow":["GET"]}}],"collection":[{"href":"https:\/\/www.dr-rudolf.at\/en\/wp-json\/wp\/v2\/pages"}],"about":[{"href":"https:\/\/www.dr-rudolf.at\/en\/wp-json\/wp\/v2\/types\/page"}],"author":[{"embeddable":true,"href":"https:\/\/www.dr-rudolf.at\/en\/wp-json\/wp\/v2\/users\/1"}],"replies":[{"embeddable":true,"href":"https:\/\/www.dr-rudolf.at\/en\/wp-json\/wp\/v2\/comments?post=2356"}],"version-history":[{"count":9,"href":"https:\/\/www.dr-rudolf.at\/en\/wp-json\/wp\/v2\/pages\/2356\/revisions"}],"predecessor-version":[{"id":4854,"href":"https:\/\/www.dr-rudolf.at\/en\/wp-json\/wp\/v2\/pages\/2356\/revisions\/4854"}],"up":[{"embeddable":true,"href":"https:\/\/www.dr-rudolf.at\/en\/wp-json\/wp\/v2\/pages\/1680"}],"wp:featuredmedia":[{"embeddable":true,"href":"https:\/\/www.dr-rudolf.at\/en\/wp-json\/wp\/v2\/media\/3763"}],"wp:attachment":[{"href":"https:\/\/www.dr-rudolf.at\/en\/wp-json\/wp\/v2\/media?parent=2356"}],"curies":[{"name":"wp","href":"https:\/\/api.w.org\/{rel}","templated":true}]}}