{"id":4742,"date":"2026-01-14T12:39:57","date_gmt":"2026-01-14T11:39:57","guid":{"rendered":"https:\/\/www.dr-rudolf.at\/treatment\/root-canal-treatment-with-modern-technology\/"},"modified":"2026-01-14T12:40:00","modified_gmt":"2026-01-14T11:40:00","slug":"root-canal-treatment-with-modern-technology","status":"publish","type":"page","link":"https:\/\/www.dr-rudolf.at\/en\/treatment\/root-canal-treatment-with-modern-technology\/","title":{"rendered":"Root canal treatment with modern technology"},"content":{"rendered":"<div class=\"wpb-content-wrapper\"><p>[vc_row][vc_column width=&#8221;1\/2&#8243;][vc_column_text]<\/p>\n<h2>Saving inflamed teeth<\/h2>\n<p>Many teeth were previously extracted that could potentially have been saved with a modern root canal treatment using a <a href=\"https:\/\/www.dr-rudolf.at\/en\/neuigkeiten\/microscopic-dentistry\/\">microscope<\/a>. <!--more-->Of course, the preservation of a tooth by root canal treatment <strong>cannot be guaranteed<\/strong> even today. However, the success rate has increased due to experience and the development of new technical procedures. In complicated cases, we, therefore, work together with specialists in root canal treatments (endodontologists).  <\/p>\n<blockquote><p>Many health problems can be traced back to root canal-treated teeth (so-called silent inflammations \/ hidden inflammations). These teeth can often be saved and preserved by a <a href=\"https:\/\/www.dr-rudolf.at\/en\/neuigkeiten\/root-canal-retreatment\/\">revision<\/a> of the root canal treatment. In some cases, however, it is still necessary to remove inflamed\/infected root canal-treated teeth.  <\/p><\/blockquote>\n<h3>Procedure of a root canal treatment<\/h3>\n<p>In 90% of cases, caries is the reason for a root inflammation. This often manifests itself through sensitivity to cold and pressure pain. We conduct an examination and take X-rays. If the tooth root (pulp) is inflamed or infected, a root canal treatment must be performed to relieve severe pain and prevent damage to the jawbone. The treatment itself can be designed completely without pain in most cases:    <\/p>\n<ol>\n<li>After anesthesia of the tooth (injection), the root canals are exposed through a small access. The treatment is carried out using a microscope. <\/li>\n<li>The mostly curved and branched root canals are widened with rotating titanium mini-files<\/li>\n<li>The canals are disinfected with a small cannula to remove all germs. The inflamed tissue is rinsed out and the rinsing liquid is suctioned off. <\/li>\n<li>If the root canals have been rinsed several times, they are either provided with a disinfecting insert and the tooth is provided with a temporary filling, or:<\/li>\n<li>A bioceramic filling of the root canals is carried out immediately.<\/li>\n<li>The tooth is now immediately or after a certain waiting period provided with a filling.<\/li>\n<li>After a few months, another X-ray is taken and the previously inflamed tooth is examined<\/li>\n<li>Now it is decided whether the tooth is permanently restored with a <a href=\"https:\/\/www.dr-rudolf.at\/en\/treatment\/esthetic-dentistry\/tooth-colored-fillings\/\">composite filling (white filling)<\/a> or with a <a href=\"https:\/\/www.dr-rudolf.at\/en\/treatment\/esthetic-dentistry\/ceramic-crowns\/\">crown<\/a> to restore the chewing function of the tooth.<\/li>\n<\/ol>\n<p>Old root fillings colonized by bacteria can be renewed by a so-called <a href=\"https:\/\/www.dr-rudolf.at\/en\/neuigkeiten\/root-canal-retreatment\/\">revision<\/a>, which is sometimes carried out in cooperation with a specialist for root canal treatments (so-called endodontologist), to whom we will refer you. If the revision is not possible or unsuccessful, the tooth must be removed and a <a href=\"https:\/\/www.dr-rudolf.at\/en\/treatment\/dentures\/\">dental prosthesis<\/a> planned. This is important from a holistic point of view to exclude damage to the entire organism.  <\/p>\n<p>We would be happy to <a href=\"https:\/\/www.dr-rudolf.at\/en\/first-consultation\/\">advise<\/a> you.[\/vc_column_text][vc_separator style=&#8221;shadow&#8221; css=&#8221;.vc_custom_1601933078122{padding-top: 15px !important;padding-bottom: 15px !important;}&#8221;][\/vc_column][vc_column width=&#8221;1\/2&#8243;][vc_column_text css=&#8221;.vc_custom_1601933052466{padding-top: 15px !important;}&#8221;]<\/p>\n<h3>Questions &amp; Answers<\/h3>\n<p>[\/vc_column_text]    \t \n    <div class=\"envor-qa\">\n\t    <div class=\"q\">\n\t      <span class=\"lbl\">F :<\/span>\n\t      <p>Ist eine Wurzelbehandlung mit Schmerzen verbunden?<\/p>\n\t      <div class=\"arrow\"><\/div>\n\t    <\/div>\n\t    <div class=\"a\">\n\t      <span class=\"lbl\">A :<\/span>\n\t      <p>In den meisten F\u00e4llen ist eine Wurzelbehandlung v\u00f6llig schmerzlos. Eventuell kann zus\u00e4tzlich zu einer lokalen Bet\u00e4ubung die Gabe eines Schmerzmittels vor der Behandlung verordnet werden.<\/p>\n\t      <div class=\"arrow\"><\/div>\n\t    <\/div>\n    <\/div>\n\n    \t \n    <div class=\"envor-qa\">\n\t    <div class=\"q\">\n\t      <span class=\"lbl\">F :<\/span>\n\t      <p>Ist ein Zahnimplantat nicht einem entz\u00fcndeten Zahn vorzuziehen?<\/p>\n\t      <div class=\"arrow\"><\/div>\n\t    <\/div>\n\t    <div class=\"a\">\n\t      <span class=\"lbl\">A :<\/span>\n\t      <p>Dies h\u00e4ngt vom Einzelfall ab. Trotz moderner Implantologie ist es wichtig, einen Zahn, dessen Zahnkrone intakt ist, bestm\u00f6glich zu erhalten. Manch schwer infizierte und zerst\u00f6rte Z\u00e4hne m\u00fcssen jedoch entfernt werden, um eine Gefahr f\u00fcr Ihren Organismus auszuschlie\u00dfen. Wir beraten Sie gerne.<\/p>\n\t      <div class=\"arrow\"><\/div>\n\t    <\/div>\n    <\/div>\n\n[vc_separator style=&#8221;shadow&#8221;][vc_single_image image=&#8221;3817&#8243; add_caption=&#8221;yes&#8221; alignment=&#8221;center&#8221;][vc_single_image image=&#8221;4368&#8243; img_size=&#8221;full&#8221; add_caption=&#8221;yes&#8221; alignment=&#8221;center&#8221;][vc_separator style=&#8221;shadow&#8221;][\/vc_column][\/vc_row]<\/p>\n<\/div>","protected":false},"excerpt":{"rendered":"<p>[vc_row][vc_column width=&#8221;1\/2&#8243;][vc_column_text] Saving inflamed teeth Many teeth were previously extracted that could potentially have been saved with a modern root canal treatment using a microscope.<\/p>\n","protected":false},"author":1,"featured_media":3811,"parent":1680,"menu_order":0,"comment_status":"closed","ping_status":"closed","template":"","meta":{"inline_featured_image":false,"footnotes":""},"class_list":["post-4742","page","type-page","status-publish","has-post-thumbnail","hentry"],"_links":{"self":[{"href":"https:\/\/www.dr-rudolf.at\/en\/wp-json\/wp\/v2\/pages\/4742","targetHints":{"allow":["GET"]}}],"collection":[{"href":"https:\/\/www.dr-rudolf.at\/en\/wp-json\/wp\/v2\/pages"}],"about":[{"href":"https:\/\/www.dr-rudolf.at\/en\/wp-json\/wp\/v2\/types\/page"}],"author":[{"embeddable":true,"href":"https:\/\/www.dr-rudolf.at\/en\/wp-json\/wp\/v2\/users\/1"}],"replies":[{"embeddable":true,"href":"https:\/\/www.dr-rudolf.at\/en\/wp-json\/wp\/v2\/comments?post=4742"}],"version-history":[{"count":3,"href":"https:\/\/www.dr-rudolf.at\/en\/wp-json\/wp\/v2\/pages\/4742\/revisions"}],"predecessor-version":[{"id":4753,"href":"https:\/\/www.dr-rudolf.at\/en\/wp-json\/wp\/v2\/pages\/4742\/revisions\/4753"}],"up":[{"embeddable":true,"href":"https:\/\/www.dr-rudolf.at\/en\/wp-json\/wp\/v2\/pages\/1680"}],"wp:featuredmedia":[{"embeddable":true,"href":"https:\/\/www.dr-rudolf.at\/en\/wp-json\/wp\/v2\/media\/3811"}],"wp:attachment":[{"href":"https:\/\/www.dr-rudolf.at\/en\/wp-json\/wp\/v2\/media?parent=4742"}],"curies":[{"name":"wp","href":"https:\/\/api.w.org\/{rel}","templated":true}]}}